{"id":3832,"date":"2023-02-20T20:10:55","date_gmt":"2023-02-20T19:10:55","guid":{"rendered":"http:\/\/dev.nomoreless.eu\/?page_id=3832"},"modified":"2023-03-03T11:27:52","modified_gmt":"2023-03-03T10:27:52","slug":"glossar","status":"publish","type":"page","link":"https:\/\/dev.nomoreless.eu\/ls\/glossar\/","title":{"rendered":"Wort\u00b7erkl\u00e4rungen"},"content":{"rendered":"<h3 id=\"mediopunkt\">\u00b7<\/h3>\n<p>Dieses Zeichen nennt man Medio\u00b7punkt.<br \/>\nEr trennt lange W\u00f6rter.<br \/>\nZum Beispiel so:<br \/>\nStellen\u00b7anzeige.<br \/>\nSo kann man lange W\u00f6rter besser lesen.<br \/>\nMan liest die Wort\u00b7teile einzeln.<br \/>\nMan kann die W\u00f6rter so leichter lesen und verstehen.<br \/>\nBeim Lesen h\u00f6rt man den Medio\u00b7punkt nicht.<\/p>\n<p>&nbsp;<\/p>\n<p><strong>:<\/strong><br \/>\nDieses Zeichen ist der Doppel\u00b7punkt.<br \/>\nDen Doppel\u00b7punkt benutzen wir zum Gendern.<br \/>\nSo wollen wir zeigen:<br \/>\nWir wollen mit unseren Texten alle Menschen ansprechen.<br \/>\nM\u00e4nner.<br \/>\nFrauen.<br \/>\nUnd Menschen, die sagen:<br \/>\nIch bin kein Mann und keine Frau.<br \/>\nAlle sind gemeint.<\/p>\n<p>So benutzen wir den Doppel\u00b7punkt zum Gendern:<br \/>\nBesucher:innen.<\/p>\n<p>Beim Lesen h\u00f6rt man den Doppel\u00b7punkt.<br \/>\nMan macht eine kleine Pause im Wort.<br \/>\nSo: Besucher [Pause] innen.<\/p>\n<h3 id=\"artdirektor\">Art\u00b7direktor:in<\/h3>\n<p>Art\u00b7direktor:innen machen Werbung.<br \/>\nSie entscheiden zum Beispiel:<br \/>\nSoll eine Werbe\u00b7anzeige im Internet oder in einer Zeitung erscheinen?<br \/>\nOder:<br \/>\nWelches Foto soll f\u00fcr eine Werbe\u00b7anzeige benutzt werden?<\/p>\n<h4><\/h4>\n<h3 id=\"audiodeskription\">Audio\u00b7deskription<\/h3>\n<p>Audio\u00b7deskription bedeutet:<br \/>\nJemand beschreibt f\u00fcr blinde Menschen:<br \/>\nWas sieht man auf der B\u00fchne?<\/p>\n<p>&nbsp;<\/p>\n<h3 id=\"audiovisuellemedien\">audio\u00b7visuelle Medien<\/h3>\n<p>Audio hei\u00dft \u00fcbersetzt h\u00f6ren.<br \/>\nVisuell hei\u00dft \u00fcbersetzt sehen.<br \/>\nAudio\u00b7visuelle Medien kann man also sehen und h\u00f6ren.<br \/>\nZum Beispiel Videos im Internet.<\/p>\n<p>&nbsp;<\/p>\n<h3 id=\"barrierefreiheit\">Barriere\u00b7freiheit<\/h3>\n<p>hei\u00dft: Es gibt keine Hindernisse.<br \/>\nZum Beispiel:<br \/>\nAlle Menschen kommen in ein Haus.<br \/>\nAuch Menschen mit Roll\u00b7stuhl.<br \/>\nWeil es eine Rampe gibt.<br \/>\nOder es bedeutet:<br \/>\nAlle Menschen k\u00f6nnen die Informationen verstehen.<br \/>\nWeil sie in Geb\u00e4rden\u00b7sprache \u00fcbersetzt werden.<br \/>\nUnd in Leichte Sprache.<br \/>\nBarriere\u00b7freiheit ist f\u00fcr alle Menschen gut.<br \/>\nSie k\u00f6nnen alle Orte erreichen.<br \/>\nUnd sie k\u00f6nnen alle Informationen verstehen.<br \/>\nDurch mehr Barriere\u00b7freiheit gibt es auch mehr Teilhabe.<\/p>\n<p>&nbsp;<\/p>\n<h3 id=\"beitrittserkla\u0308rung\">Beitritts\u00b7erkla\u0308rung<\/h3>\n<p>Eine Beitritts\u00b7erkla\u0308rung ist ein Formular.<br \/>\nIn dem Formular musst du Informatioenn \u00fcber dich selbst eintragen.<br \/>\nZum Beispiel deinen Namen und deine Adresse.<br \/>\nMit der Beitritts\u00b7erkla\u0308rung kannst du Mitglied im Verein Aus dem Raster e.V. werden.<\/p>\n<p>&nbsp;<\/p>\n<h3 id=\"b\u00fchnenbild\">B\u00fchnen\u00b7bild<\/h3>\n<p>B\u00fchnen\u00b7bild nennt man die Gestaltung der B\u00fchne.<br \/>\nZum Beispiel bei einem Theater\u00b7st\u00fcck oder einem Tanz\u00b7st\u00fcck.<br \/>\nZum Beispiel:<br \/>\nStehen Dinge auf der B\u00fchne?<br \/>\nZum Beispiel M\u00f6bel.<br \/>\nOder:<br \/>\nWelche Farben und Bilder gibt es im Hintergrund?<\/p>\n<p>&nbsp;<\/p>\n<h3 id=\"b\u00fchnenpr\u00e4senz\">B\u00fchnen\u00b7pr\u00e4senz<\/h3>\n<p>B\u00fchnen\u00b7pr\u00e4senz bedeutet:<br \/>\nWie ist mein Auftreten auf der B\u00fchne?<br \/>\nWie wirke ich auf andere?<br \/>\nEine B\u00fchnen\u00b7pr\u00e4senz\u00b7trainerin bringt anderen Menschen bei:<br \/>\nWie kann ich gut vor anderen Menschen auftreten?<\/p>\n<p>&nbsp;<\/p>\n<h3 id=\"capoeira\">Capoeira<\/h3>\n<p>Capoeira kommt aus Brasilien.<br \/>\nEs ist eine Mischung aus Kampf und Tanz.<\/p>\n<p>&nbsp;<\/p>\n<h3 id=\"cerebralparese\">Cerebral\u00b7parese<\/h3>\n<p>Eine Cerebral\u00b7parese ist eine K\u00f6rper\u00b7behinderung.<br \/>\nEs ist eine Bewegungs\u00b7st\u00f6rung.<br \/>\nDie Nerven und Muskeln arbeiten nicht richtig.<\/p>\n<p>&nbsp;<\/p>\n<h3 id=\"choreograf\">Choreograf:in<\/h3>\n<p>Eine Choreografin macht Tanz\u00b7st\u00fccke.<br \/>\nSie entscheidet:<br \/>\nWas passiert auf der B\u00fchne?<\/p>\n<p>&nbsp;<\/p>\n<h3 id=\"darstellendekunst\">Darstellende Kunst<\/h3>\n<p>Darstellende Kunst ist Kunst vor Publikum.<br \/>\nZum Beispiel Tanz oder Theater.<\/p>\n<p>&nbsp;<\/p>\n<h3 id=\"digital\">digital<\/h3>\n<p>Digital bedeutet:<br \/>\nAm Computer.<\/p>\n<p>&nbsp;<\/p>\n<h3 id=\"dina13\">DIN A 13 tanz\u00b7company<\/h3>\n<p><span lang=\"en-US\">Die DIN A 13 tanz\u00b7company ist ein Tanz\u00b7ensemble.<br \/>\n<\/span>Im <a href=\"\/ls\/glossar\/#ensemble\"><u>Ensemble<\/u><\/a> sind T\u00e4nzer:innen mit und ohne Behinderung.<br \/>\nDas <a href=\"\/ls\/glossar\/#ensemble\"><u>Ensemble<\/u><\/a> gibt es seit 1995.<br \/>\nGerda K\u00f6nig hat es ger\u00fcndet.<br \/>\nDIN A 13 arbeitet in K\u00f6ln.<\/p>\n<p>&nbsp;<\/p>\n<h3 id=\"download\">Download<\/h3>\n<p>Download ist das englische Wort f\u00fcr herunter\u00b7laden.<br \/>\nSo spricht man das Wort aus: daun-loud.<br \/>\nEs bedeutet:<br \/>\nMan speichert eine Datei aus dem Internet auf dem eigenen Computer.<br \/>\nZum Beispiel einen Mitglieds\u00b7antrag.<br \/>\nOder ein Video.<\/p>\n<h3><\/h3>\n<h3 id=\"diversit\u00e4t\">divers \/ Diversit\u00e4t<\/h3>\n<p>Diversit\u00e4t ist ein anderes Wort f\u00fcr Verschiedenartigkeit.<br \/>\nEs bedeutet:<br \/>\nAlle Menschen sind unterschiedlich.<br \/>\nSie haben verschiedene K\u00f6rper.<br \/>\nVerschiedene Erfahrungen.<br \/>\nUnd verschiedene F\u00e4higkeiten.<\/p>\n<h3 id=\"dozent\">Dozent:in<\/h3>\n<p>Dozent:in ist ein anderes Wort f\u00fcr Lehrer:in.<br \/>\nDie Person bringt anderen etwas bei.<br \/>\nZum Beispiel Tanz.<\/p>\n<p>&nbsp;<\/p>\n<h3 id=\"dramaturg\">Dramaturg:in<\/h3>\n<p>Eine Dramaturgin arbeitet am Theater.<br \/>\nSie macht die Spiel\u00b7pl\u00e4ne.<br \/>\nUnd sie arbeitet mit allen Mitgliedern des Ensembles zusammen.<br \/>\nMit den Schauspieler:innen.<br \/>\nDem oder der Regisseur:in.<br \/>\nUnd mit dem Publikum.<\/p>\n<p>&nbsp;<\/p>\n<h3 id=\"ensemble\">Ensemble<\/h3>\n<p>Ensemble ist Franz\u00f6sisch.<br \/>\nSo spricht man das Wort aus: On-som-bel.<br \/>\nEin Ensemble ist eine Gruppe.<br \/>\ncie.nomoreless ist eine Gruppe von T\u00e4nzer:innen.<\/p>\n<p>&nbsp;<\/p>\n<h3 id=\"familienmanagerin\">Familien\u00b7managerin<\/h3>\n<p>Eine Familien\u00b7managerin k\u00fcmmert sich um ihre Familie.<br \/>\nSie plant und organisiert den Alltag der Familie.<b><\/b><\/p>\n<p>&nbsp;<\/p>\n<h3 id=\"feministin\">Feministin<\/h3>\n<p>Eine Feministin setzt sich f\u00fcr die Rechte von Frauen ein.<br \/>\nUnd f\u00fcr Gleich\u00b7berechtigung von Menschen aller Geschlechter.<b><\/b><\/p>\n<p>&nbsp;<\/p>\n<h3 id=\"flamenco\">Flamenco<\/h3>\n<p>Flamenco ist ein spanischer Tanz.<br \/>\nDer Tanz wird zu Gesang und Gitarren\u00b7musik getanzt.<br \/>\n<b><br \/>\n<\/b><\/p>\n<h3 id=\"gemeinn\u00fctzig\">Gemein\u00b7n\u00fctzig<\/h3>\n<p>Ein Verein kann gemein\u00b7n\u00fctzig sein.<br \/>\nSo wie der Verein Aus dem Raster.<br \/>\nGemein\u00b7n\u00fctzig bedeutet:<br \/>\nDie Arbeit des Vereins ist f\u00fcr viele Menschen gut.<br \/>\nDer Verein will mit seiner Arbeit nicht nur Geld verdienen.<br \/>\nSondern etwas tun, was Menschen hilft.<\/p>\n<p>&nbsp;<\/p>\n<h3 id=\"genderbin\u00e4resdenken\">gender\u00b7bin\u00e4res Denken<\/h3>\n<p>Gender\u00b7bin\u00e4res Denken<b> <\/b>bedeutet:<br \/>\nJemand sagt:<br \/>\nEs gibt nur M\u00e4nner und Frauen.<br \/>\nKeine Menschen mit anderen Geschlechtern.<br \/>\nAber das stimmt nicht.<br \/>\nMenschen k\u00f6nnen viele verschiedene Geschlechter haben.<b><\/b><\/p>\n<p>&nbsp;<\/p>\n<h3 id=\"grafikdesigner\">Grafik\u00b7designer:in<\/h3>\n<p>Grafikdesigner:innen entscheiden, wie etwas aussieht.<br \/>\nZum Beispiel eine Internet\u00b7seite.<br \/>\nSie entscheiden zum Beispiel:<\/p>\n<ul>\n<li>Welche Farben soll die Internet\u00b7seite haben?<\/li>\n<li>Welche Schrift\u00b7arten werden auf der Internet\u00b7seite benutzt?<\/li>\n<li>Welche Fotos oder Bilder passen gut zu der Internet\u00b7seite?<\/li>\n<\/ul>\n<p>&nbsp;<\/p>\n<h3 id=\"hybrid\">hybrid<\/h3>\n<p>Hybrid bedeutet:<br \/>\nMan kann auf 2 verschiedene Arten beim Tanz\u00b7training dabei sein.<br \/>\nLive im Studio.<br \/>\nOder von zu Hause aus am Computer.<\/p>\n<p>&nbsp;<\/p>\n<h3 id=\"improvisation\">Improvisation<\/h3>\n<p>Improvisation bedeutet:<br \/>\nEs gibt keinen festen Plan f\u00fcrs Tanzen.<br \/>\nDie Bewegungen passieren ohne Vorbereitung.<br \/>\nOder es bedeutet:<br \/>\nMehrere Musiker:innen machen auf der B\u00fchne zusammen Musik.<br \/>\nSie spielen nicht nach Noten.<br \/>\nSondern sie h\u00f6ren aufeinander und spielen ohne Vorbereitung zusammen.<\/p>\n<p>&nbsp;<\/p>\n<h3 id=\"k\u00fcnstlerischeleitung\">K\u00fcnstlerische Leitung<\/h3>\n<p>Die K\u00fcnstlerische Leitung ist zust\u00e4ndig f\u00fcr ein Kunst\u00b7werk.<br \/>\nZum Beispiel f\u00fcr ein Tanz\u00b7st\u00fcck.<br \/>\nOder f\u00fcr ein Festival.<br \/>\nSie macht den Plan f\u00fcr das Tanz\u00b7st\u00fcck.<br \/>\nSie entscheidet:<br \/>\nWelche T\u00e4nzer:innen stehen wann auf der B\u00fchne?<br \/>\nOder:<br \/>\nZu welcher Musik tanzen die T\u00e4nzer:innen?<\/p>\n<p>&nbsp;<\/p>\n<h3 id=\"mixedabled\">mixed-abled<\/h3>\n<p>Mixed-abled ist Englisch.<br \/>\nSo spricht man es aus: Mixd ey-beld.<br \/>\n\u00dcbersetzt hei\u00dft es etwa: mit verschiedenen F\u00e4higkeiten.<br \/>\nEs bedeutet:<br \/>\nEine Gruppe besteht aus Menschen mit und ohne Behinderung.<\/p>\n<p>&nbsp;<\/p>\n<h3 id=\"mixedaged\">mixed-aged<\/h3>\n<p>Mixed-aged ist Englisch.<br \/>\nSo spricht man es aus: Mixd eydschd.<br \/>\n\u00dcbersetzt hei\u00dft es: verschieden alt.<br \/>\nEs bedeutet:<br \/>\nEine Gruppe besteht aus Menschen in verschiedenem Alter.<br \/>\nZum Beispiel:<br \/>\nJunge und alte Menschen machen bei einem Tanz\u00b7st\u00fcck mit.<\/p>\n<p>&nbsp;<\/p>\n<h3 id=\"performance\">Performance<\/h3>\n<p>Performance ist eine Kunst\u00b7form.<br \/>\nMan kann auch B\u00fchnen\u00b7kunst dazu sagen.<br \/>\nPerformances k\u00f6nnen viele verschiedene Formen haben.<br \/>\nZum Beispiel:<\/p>\n<ul>\n<li>2 T\u00e4nzer:innen tanzen ein Tanzst\u00fcck an einer U-Bahn-Haltestelle.<\/li>\n<li>Eine K\u00fcnstlerin schie\u00dft mit einem Gewehr auf mit Farbe gef\u00fcllte Luft\u00b7ballons.<\/li>\n<li>Eine Frau und ein Mann sitzen 16 Stunden lang allein in einer Galerie.<br \/>\nR\u00fccken an R\u00fccken.<br \/>\nPublikum besucht die Galerie und sieht den beiden dabei zu.<\/li>\n<\/ul>\n<p>Eine Performance kann an vielen verschiedenen Orten statt\u00b7finden.<br \/>\nZu jeder Zeit.<br \/>\nUnd vor jedem Publikum.<br \/>\nEine Performance ist bei jeder Auff\u00fchrung wieder neu.<br \/>\nEine Performance kann von einer Person alleine gemacht werden.<br \/>\nOder von einer Gruppe von Menschen gemeinsam.<\/p>\n<p>&nbsp;<\/p>\n<h3 id=\"platten\">Platten\u00b7cover<\/h3>\n<p>Ein Platten\u00b7cover ist das Bild auf der Vorder\u00b7seite einer Schall\u00b7platte.<\/p>\n<p>&nbsp;<\/p>\n<h3 id=\"produktionsassistenz\">Produktions\u00b7assistenz<\/h3>\n<p>Produktions\u00b7assistenz bedeutet:<br \/>\nJemand unterst\u00fctzt ein Team bei der Vorbereitung, Durchf\u00fchrung und Nachbereitung von Tanz\u00b7st\u00fccken, Theater\u00b7st\u00fccken oder Fernseh\u00b7serien.<\/p>\n<p>&nbsp;<\/p>\n<h3 id=\"produktionsleitung\">Produktions\u00b7leitung<\/h3>\n<p>Die Produktions\u00b7leitung leitet und organisiert die Vorbereitung, Durchf\u00fchrung und Nachbereitung von Tanz\u00b7st\u00fccken, Theater\u00b7st\u00fccken oder Fernseh\u00b7serien.<br \/>\nDie Person trifft alle Entscheidungen \u00fcber das St\u00fcck.<br \/>\nZum Beispiel Entscheidungen \u00fcber Kost\u00fcme.<br \/>\nEntscheidungen \u00fcber Geld.<br \/>\nUnd Entscheidungen \u00fcber Musik.<\/p>\n<p>&nbsp;<\/p>\n<h3 id=\"programmier\">Programmierer:in<\/h3>\n<p>Programmierer:innen arbeiten am Computer.<br \/>\nSie machen Internet\u00b7seiten.<br \/>\nOder sie machen Computer\u00b7programme und Apps.<b><br \/>\n<\/b><\/p>\n<p>&nbsp;<\/p>\n<h3 id=\"recherche\">Recherche<\/h3>\n<p>Eine Recherche ist eine Suche nach Informationen.<br \/>\nZum Beispiel:<br \/>\nIch mache eine Recherche zum Thema Tanz.<br \/>\nDann suche ich nach Internetseiten zum Thema Tanz.<br \/>\nIch lese B\u00fccher zu diesem Thema.<br \/>\nUnd Texte aus Zeitungen.<br \/>\nIch spreche mit Fach\u00b7leuten \u00fcber Tanz.<br \/>\nDamit ich Neues zu diesem Thema heraus\u00b7finde.<\/p>\n<p>&nbsp;<\/p>\n<h3 id=\"satzung\">Satzung<\/h3>\n<p>Jeder Verein hat eine Satzung.<br \/>\nEine Satzung ist ein Text.<br \/>\nIn dem Text schreibt der Verein zum Beispiel auf:<br \/>\nWas ist das Ziel unseres Vereins?<br \/>\nWas wollen wir erreichen?<br \/>\nWie arbeitet unser Verein?<br \/>\nWof\u00fcr gibt der Verein sein Geld aus?<br \/>\nWie entscheidet der Verein \u00fcber wichtige Dinge?<\/p>\n<p>&nbsp;<\/p>\n<h3 id=\"sommerblutfestival\">Sommerblut Festival<\/h3>\n<p>Das Sommerblut Festival findet immer einmal im Jahr in K\u00f6ln statt.<br \/>\nBei dem Festivals gibt es Kunst von K\u00fcnstler:innen mit und ohne Behinderung.<br \/>\nTheater\u00b7st\u00fccke.<br \/>\nAusstellungen.<br \/>\nTanz.<br \/>\nUnd Gespr\u00e4che.<\/p>\n<p>&nbsp;<\/p>\n<h3 id=\"tanzfaktur\">Tanzfaktur K\u00f6ln<\/h3>\n<p>tanzfaktur K\u00f6ln ist ein Kultur\u00b7zentrum in K\u00f6ln-Deutz.<br \/>\nSie ist ein Ort der Begegnung.<br \/>\nUnd ein Treffpunkt f\u00fcr T\u00e4nzer:innen aus verschiedenen L\u00e4ndern.<\/p>\n<h4><\/h4>\n<h3 id=\"tanzvermittler\">Tanz\u00b7vermittler:in<\/h3>\n<p>Eine Tanz\u00b7vermittlerin spricht mit anderen Menschen \u00fcber Tanz.<\/p>\n<p>&nbsp;<\/p>\n<h3 id=\"touchtour\">Touch-Tour<\/h3>\n<p>Touch-Tour hei\u00dft \u00fcbersetzt: F\u00fchl-Tour.<br \/>\nEs ist ein Angebot f\u00fcr blinde und Sehbehinderte Menschen.<br \/>\nZum Beispiel:<br \/>\ncie.nomoreless zeigt ein Tanz\u00b7st\u00fcck.<br \/>\nBlinde Menschen k\u00f6nnen vor dem St\u00fcck auf die B\u00fchne kommen.<br \/>\nSie k\u00f6nnen das B\u00fchnen\u00b7bild anfassen.<br \/>\nUnd die Kost\u00fcme.<br \/>\nSie k\u00f6nnen den Raum auf der B\u00fchne ab\u00b7laufen.<br \/>\nSo k\u00f6nnen sie das St\u00fcck durch das F\u00fchlen erfahren.<\/p>\n<p>&nbsp;<\/p>\n<h3 id=\"verwaltung\">Verwaltung<\/h3>\n<p>Verwaltung bedeutet:<br \/>\nJemand arbeitet im B\u00fcro.<br \/>\nZum Beispiel bei einem Verein.<br \/>\nOder bei einem Amt.<br \/>\nDie Person plant zum Beispiel Termine und k\u00fcmmert sich um Rechnungen.<\/p>\n<p>&nbsp;<\/p>\n<h3 id=\"zeitgen\u00f6ssich\">Zeit\u00b7gen\u00f6ssisch<\/h3>\n<p>Zeit\u00b7gen\u00f6ssisch bedeutet:<br \/>\nEs ist Kunst von heute.<br \/>\nWahrscheinlich lebt der:die K\u00fcnstler:in noch.<br \/>\nOder er oder sie ist erst vor Kurzem gestorben.<i><\/i><\/p>\n","protected":false},"excerpt":{"rendered":"<p>\u00b7 Dieses Zeichen nennt man Medio\u00b7punkt. Er trennt lange W\u00f6rter. Zum Beispiel so: Stellen\u00b7anzeige. So kann man lange W\u00f6rter besser lesen. Man liest die Wort\u00b7teile einzeln. Man kann die W\u00f6rter so leichter lesen und verstehen. Beim Lesen h\u00f6rt man den Medio\u00b7punkt nicht. &nbsp; : Dieses Zeichen ist der Doppel\u00b7punkt. Den Doppel\u00b7punkt benutzen wir zum Gendern. [&hellip;]<\/p>\n","protected":false},"author":110,"featured_media":0,"parent":0,"menu_order":0,"comment_status":"closed","ping_status":"closed","template":"","meta":{"inline_featured_image":false},"acf":[],"_links":{"self":[{"href":"https:\/\/dev.nomoreless.eu\/ls\/wp-json\/wp\/v2\/pages\/3832"}],"collection":[{"href":"https:\/\/dev.nomoreless.eu\/ls\/wp-json\/wp\/v2\/pages"}],"about":[{"href":"https:\/\/dev.nomoreless.eu\/ls\/wp-json\/wp\/v2\/types\/page"}],"author":[{"embeddable":true,"href":"https:\/\/dev.nomoreless.eu\/ls\/wp-json\/wp\/v2\/users\/110"}],"replies":[{"embeddable":true,"href":"https:\/\/dev.nomoreless.eu\/ls\/wp-json\/wp\/v2\/comments?post=3832"}],"version-history":[{"count":20,"href":"https:\/\/dev.nomoreless.eu\/ls\/wp-json\/wp\/v2\/pages\/3832\/revisions"}],"predecessor-version":[{"id":4445,"href":"https:\/\/dev.nomoreless.eu\/ls\/wp-json\/wp\/v2\/pages\/3832\/revisions\/4445"}],"wp:attachment":[{"href":"https:\/\/dev.nomoreless.eu\/ls\/wp-json\/wp\/v2\/media?parent=3832"}],"curies":[{"name":"wp","href":"https:\/\/api.w.org\/{rel}","templated":true}]}}