{"id":3874,"date":"2018-10-15T21:57:38","date_gmt":"2018-10-15T19:57:38","guid":{"rendered":"http:\/\/dev.nomoreless.eu\/produktionen\/spuren\/"},"modified":"2023-02-27T18:45:01","modified_gmt":"2023-02-27T17:45:01","slug":"spuren","status":"publish","type":"page","link":"https:\/\/dev.nomoreless.eu\/ls\/produktionen\/spuren\/","title":{"rendered":"spuren"},"content":{"rendered":"<p>Sichtbare und unsichtbare Spuren sind in den K\u00f6rper geschrieben.<br \/>\nDiese Spuren erforscht das St\u00fcck.<br \/>\nEs erz\u00e4hlt viele kleine pers\u00f6nliche Geschichten.<\/p>\n","protected":false},"excerpt":{"rendered":"<p>Sichtbare und unsichtbare Spuren sind in den K\u00f6rper geschrieben. Diese Spuren erforscht das St\u00fcck. Es erz\u00e4hlt viele kleine pers\u00f6nliche Geschichten.<\/p>\n","protected":false},"author":1,"featured_media":3876,"parent":3623,"menu_order":0,"comment_status":"closed","ping_status":"closed","template":"page-hintergrundbild.php","meta":{"inline_featured_image":false},"acf":[],"_links":{"self":[{"href":"https:\/\/dev.nomoreless.eu\/ls\/wp-json\/wp\/v2\/pages\/3874"}],"collection":[{"href":"https:\/\/dev.nomoreless.eu\/ls\/wp-json\/wp\/v2\/pages"}],"about":[{"href":"https:\/\/dev.nomoreless.eu\/ls\/wp-json\/wp\/v2\/types\/page"}],"author":[{"embeddable":true,"href":"https:\/\/dev.nomoreless.eu\/ls\/wp-json\/wp\/v2\/users\/1"}],"replies":[{"embeddable":true,"href":"https:\/\/dev.nomoreless.eu\/ls\/wp-json\/wp\/v2\/comments?post=3874"}],"version-history":[{"count":9,"href":"https:\/\/dev.nomoreless.eu\/ls\/wp-json\/wp\/v2\/pages\/3874\/revisions"}],"predecessor-version":[{"id":4369,"href":"https:\/\/dev.nomoreless.eu\/ls\/wp-json\/wp\/v2\/pages\/3874\/revisions\/4369"}],"up":[{"embeddable":true,"href":"https:\/\/dev.nomoreless.eu\/ls\/wp-json\/wp\/v2\/pages\/3623"}],"wp:featuredmedia":[{"embeddable":true,"href":"https:\/\/dev.nomoreless.eu\/ls\/wp-json\/wp\/v2\/media\/3876"}],"wp:attachment":[{"href":"https:\/\/dev.nomoreless.eu\/ls\/wp-json\/wp\/v2\/media?parent=3874"}],"curies":[{"name":"wp","href":"https:\/\/api.w.org\/{rel}","templated":true}]}}