{"id":4031,"date":"2021-10-08T11:00:13","date_gmt":"2021-10-08T09:00:13","guid":{"rendered":"http:\/\/dev.nomoreless.eu\/spenden\/"},"modified":"2023-02-27T10:27:45","modified_gmt":"2023-02-27T09:27:45","slug":"spenden","status":"publish","type":"page","link":"https:\/\/dev.nomoreless.eu\/ls\/spenden\/","title":{"rendered":"Spenden"},"content":{"rendered":"<p>Aus dem Raster ist ein <a href=\"\/ls\/verein\/\">Verein<\/a>.<br \/>\nWir brauchen Geld f\u00fcr unsere Arbeit.<br \/>\nDarum freuen wir uns \u00fcber Spenden.<\/p>\n<p>Spenden k\u00f6nnen auf das Spenden\u00b7konto des Vereins \u00fcberwiesen werden.<br \/>\nDas ist unsere Bank\u00b7verbindung: DE80 3705 0198 1933 9200 82.<\/p>\n<p>&nbsp;<\/p>\n<h4>Wie kann ich spenden?<\/h4>\n<p>Aus dem Raster ist als <a href=\"\/ls\/glossar\/#gemeinn\u00fctzig\">gemein\u00b7n\u00fctzig<\/a> anerkannt.<br \/>\nDas bedeutet:<br \/>\nUnsere Arbeit ist f\u00fcr viele Menschen wichtig.<br \/>\nDarum d\u00fcrfen wir Spenden\u00b7gelder annehmen.<\/p>\n<p>Hast Du 300 Euro oder mehr gespendet?<br \/>\nDann bekommst Du von uns eine Spenden\u00b7quittung.<\/p>\n<p>Hast Du weniger als 300 Euro gespendet?<br \/>\nDann brauchst Du keine Spenden\u00b7quittung.<br \/>\nDer Konto\u00b7auszug der Bank reicht daf\u00fcr aus.<br \/>\nAber:<br \/>\nAuf Wunsch schreiben wir Dir auch bei einem kleineren Geld\u00b7betrag eine Spenden\u00b7quittung.<\/p>\n<p>Bitte gib diese Informationen bei der \u00dcberweisung der Spende an:<\/p>\n<ul>\n<li>Name und Adresse der Spender:in<\/li>\n<li>das Wort \u201eSpende\u201c<\/li>\n<\/ul>\n","protected":false},"excerpt":{"rendered":"<p>Aus dem Raster ist ein Verein. Wir brauchen Geld f\u00fcr unsere Arbeit. Darum freuen wir uns \u00fcber Spenden. Spenden k\u00f6nnen auf das Spenden\u00b7konto des Vereins \u00fcberwiesen werden. Das ist unsere Bank\u00b7verbindung: DE80 3705 0198 1933 9200 82. &nbsp; Wie kann ich spenden? Aus dem Raster ist als gemein\u00b7n\u00fctzig anerkannt. Das bedeutet: Unsere Arbeit ist f\u00fcr [&hellip;]<\/p>\n","protected":false},"author":1,"featured_media":3682,"parent":0,"menu_order":0,"comment_status":"closed","ping_status":"closed","template":"","meta":{"inline_featured_image":false},"acf":[],"_links":{"self":[{"href":"https:\/\/dev.nomoreless.eu\/ls\/wp-json\/wp\/v2\/pages\/4031"}],"collection":[{"href":"https:\/\/dev.nomoreless.eu\/ls\/wp-json\/wp\/v2\/pages"}],"about":[{"href":"https:\/\/dev.nomoreless.eu\/ls\/wp-json\/wp\/v2\/types\/page"}],"author":[{"embeddable":true,"href":"https:\/\/dev.nomoreless.eu\/ls\/wp-json\/wp\/v2\/users\/1"}],"replies":[{"embeddable":true,"href":"https:\/\/dev.nomoreless.eu\/ls\/wp-json\/wp\/v2\/comments?post=4031"}],"version-history":[{"count":6,"href":"https:\/\/dev.nomoreless.eu\/ls\/wp-json\/wp\/v2\/pages\/4031\/revisions"}],"predecessor-version":[{"id":4252,"href":"https:\/\/dev.nomoreless.eu\/ls\/wp-json\/wp\/v2\/pages\/4031\/revisions\/4252"}],"wp:featuredmedia":[{"embeddable":true,"href":"https:\/\/dev.nomoreless.eu\/ls\/wp-json\/wp\/v2\/media\/3682"}],"wp:attachment":[{"href":"https:\/\/dev.nomoreless.eu\/ls\/wp-json\/wp\/v2\/media?parent=4031"}],"curies":[{"name":"wp","href":"https:\/\/api.w.org\/{rel}","templated":true}]}}